{"id":17,"date":"2015-10-10T01:25:36","date_gmt":"2015-10-10T01:25:36","guid":{"rendered":"http:\/\/hitechtemp.com\/principal\/?page_id=17"},"modified":"2015-10-12T16:22:23","modified_gmt":"2015-10-12T16:22:23","slug":"nosotros","status":"publish","type":"page","link":"https:\/\/hitechtemp.com\/principal\/index.php\/nosotros\/","title":{"rendered":"Nosotros"},"content":{"rendered":"<p style=\"text-align: justify;\">Somos una empresa dedicada a la fabricaci\u00f3n y distribuci\u00f3n de resistencias el\u00e9ctricas en sus diversos tipos y modalidades desde 2003. Enfocados principalmente en los sectores maquilador y comercial, tambi\u00e9n desarrollamos proyectos individuales de asesor\u00edas en calentamiento, secado o control de temperatura.<\/p>\n<p style=\"text-align: justify;\">Somos distribuidores de diversas marcas estadounidenses como Thermal, Marathon y Chromalox.<\/p>\n<p style=\"text-align: justify;\">Actualmente nuestro principal mercado se ubica en el estado de Chihuahua, abarcando las ciudades de Chihuahua, Delicias y Cuauht\u00e9moc. Tambi\u00e9n tenemos presencia en la capital del estado de Durango.<\/p>\n<p><img loading=\"lazy\" decoding=\"async\" class=\"size-medium wp-image-5 aligncenter\" src=\"http:\/\/hitechtemp.com\/principal\/wp-content\/uploads\/2015\/10\/hitechtemp-230x300.jpg\" alt=\"hitechtemp\" width=\"230\" height=\"300\" srcset=\"https:\/\/hitechtemp.com\/principal\/wp-content\/uploads\/2015\/10\/hitechtemp-230x300.jpg 230w, https:\/\/hitechtemp.com\/principal\/wp-content\/uploads\/2015\/10\/hitechtemp.jpg 450w\" sizes=\"(max-width: 230px) 100vw, 230px\" \/><\/p>\n","protected":false},"excerpt":{"rendered":"<p>Somos una empresa dedicada a la fabricaci\u00f3n y distribuci\u00f3n de resistencias el\u00e9ctricas en sus diversos tipos y modalidades desde 2003. Enfocados principalmente en los sectores maquilador y comercial, tambi\u00e9n desarrollamos proyectos individuales de asesor\u00edas en calentamiento, secado o control de temperatura.<\/p>\n","protected":false},"author":1,"featured_media":41,"parent":0,"menu_order":0,"comment_status":"closed","ping_status":"closed","template":"","meta":{"footnotes":""},"class_list":["post-17","page","type-page","status-publish","has-post-thumbnail","hentry"],"_links":{"self":[{"href":"https:\/\/hitechtemp.com\/principal\/index.php\/wp-json\/wp\/v2\/pages\/17","targetHints":{"allow":["GET"]}}],"collection":[{"href":"https:\/\/hitechtemp.com\/principal\/index.php\/wp-json\/wp\/v2\/pages"}],"about":[{"href":"https:\/\/hitechtemp.com\/principal\/index.php\/wp-json\/wp\/v2\/types\/page"}],"author":[{"embeddable":true,"href":"https:\/\/hitechtemp.com\/principal\/index.php\/wp-json\/wp\/v2\/users\/1"}],"replies":[{"embeddable":true,"href":"https:\/\/hitechtemp.com\/principal\/index.php\/wp-json\/wp\/v2\/comments?post=17"}],"version-history":[{"count":15,"href":"https:\/\/hitechtemp.com\/principal\/index.php\/wp-json\/wp\/v2\/pages\/17\/revisions"}],"predecessor-version":[{"id":85,"href":"https:\/\/hitechtemp.com\/principal\/index.php\/wp-json\/wp\/v2\/pages\/17\/revisions\/85"}],"wp:featuredmedia":[{"embeddable":true,"href":"https:\/\/hitechtemp.com\/principal\/index.php\/wp-json\/wp\/v2\/media\/41"}],"wp:attachment":[{"href":"https:\/\/hitechtemp.com\/principal\/index.php\/wp-json\/wp\/v2\/media?parent=17"}],"curies":[{"name":"wp","href":"https:\/\/api.w.org\/{rel}","templated":true}]}}