{"id":20,"date":"2015-10-10T01:25:47","date_gmt":"2015-10-10T01:25:47","guid":{"rendered":"http:\/\/hitechtemp.com\/principal\/?page_id=20"},"modified":"2015-10-11T01:39:48","modified_gmt":"2015-10-11T01:39:48","slug":"productos","status":"publish","type":"page","link":"https:\/\/hitechtemp.com\/principal\/index.php\/productos\/","title":{"rendered":"Productos"},"content":{"rendered":"<p style=\"text-align: justify;\">Nuestros productos son desarrollados con los m\u00e1s altos est\u00e1ndares de calidad<\/p>\n<p style=\"text-align: justify;\">a) Resistencias el\u00e9ctricas en sus diversas presentaciones, tales como: resistencias en banda mica, banda cer\u00e1mica, cartuchos, tiramicas, tirapastas, resistencias tubulares, resistencias aletadas, etc.<\/p>\n<p style=\"text-align: justify;\">b) Termopares y sensores de una gran diversidad.<\/p>\n<p style=\"text-align: justify;\">c) Controladores<\/p>\n<p style=\"text-align: justify;\">d) Materiales aislantes.<\/p>\n<p style=\"text-align: justify;\">\n<p style=\"text-align: justify;\">\n<p><strong>Somos distribuidores autorizados:<\/strong><\/p>\n<p><img loading=\"lazy\" decoding=\"async\" class=\"aligncenter wp-image-60 size-medium\" src=\"http:\/\/hitechtemp.com\/principal\/wp-content\/uploads\/2015\/10\/MARATHON-LOGO-USA_4-300x87.jpg\" alt=\"MARATHON LOGO-USA_4\" width=\"300\" height=\"87\" srcset=\"https:\/\/hitechtemp.com\/principal\/wp-content\/uploads\/2015\/10\/MARATHON-LOGO-USA_4-300x87.jpg 300w, https:\/\/hitechtemp.com\/principal\/wp-content\/uploads\/2015\/10\/MARATHON-LOGO-USA_4-1024x296.jpg 1024w, https:\/\/hitechtemp.com\/principal\/wp-content\/uploads\/2015\/10\/MARATHON-LOGO-USA_4.jpg 1289w\" sizes=\"(max-width: 300px) 100vw, 300px\" \/><\/p>\n<p>&nbsp;<br \/>\n<img loading=\"lazy\" decoding=\"async\" class=\"alignnone size-medium wp-image-59 aligncenter\" src=\"http:\/\/hitechtemp.com\/principal\/wp-content\/uploads\/2015\/10\/Chromalox-300x73.gif\" alt=\"Chromalox\" width=\"300\" height=\"73\" srcset=\"https:\/\/hitechtemp.com\/principal\/wp-content\/uploads\/2015\/10\/Chromalox-300x73.gif 300w, https:\/\/hitechtemp.com\/principal\/wp-content\/uploads\/2015\/10\/Chromalox-1024x250.gif 1024w\" sizes=\"(max-width: 300px) 100vw, 300px\" \/><\/p>\n<p>&nbsp;<\/p>\n<p>&nbsp;<\/p>\n<p><img loading=\"lazy\" decoding=\"async\" class=\"aligncenter size-medium wp-image-65\" src=\"http:\/\/hitechtemp.com\/principal\/wp-content\/uploads\/2015\/10\/thermal-300x84.png\" alt=\"thermal\" width=\"300\" height=\"84\" srcset=\"https:\/\/hitechtemp.com\/principal\/wp-content\/uploads\/2015\/10\/thermal-300x84.png 300w, https:\/\/hitechtemp.com\/principal\/wp-content\/uploads\/2015\/10\/thermal.png 401w\" sizes=\"(max-width: 300px) 100vw, 300px\" \/><\/p>\n","protected":false},"excerpt":{"rendered":"<p>Nuestros productos son desarrollados con los m\u00e1s altos est\u00e1ndares de calidad a) Resistencias el\u00e9ctricas en sus diversas presentaciones, tales como: resistencias en banda mica, banda cer\u00e1mica, cartuchos, tiramicas, tirapastas, resistencias tubulares, resistencias aletadas, etc. b) Termopares y sensores de una gran diversidad. c) Controladores d) Materiales aislantes. Somos distribuidores autorizados: &nbsp; &nbsp; &nbsp;<\/p>\n","protected":false},"author":1,"featured_media":47,"parent":0,"menu_order":0,"comment_status":"closed","ping_status":"closed","template":"","meta":{"footnotes":""},"class_list":["post-20","page","type-page","status-publish","has-post-thumbnail","hentry"],"_links":{"self":[{"href":"https:\/\/hitechtemp.com\/principal\/index.php\/wp-json\/wp\/v2\/pages\/20","targetHints":{"allow":["GET"]}}],"collection":[{"href":"https:\/\/hitechtemp.com\/principal\/index.php\/wp-json\/wp\/v2\/pages"}],"about":[{"href":"https:\/\/hitechtemp.com\/principal\/index.php\/wp-json\/wp\/v2\/types\/page"}],"author":[{"embeddable":true,"href":"https:\/\/hitechtemp.com\/principal\/index.php\/wp-json\/wp\/v2\/users\/1"}],"replies":[{"embeddable":true,"href":"https:\/\/hitechtemp.com\/principal\/index.php\/wp-json\/wp\/v2\/comments?post=20"}],"version-history":[{"count":12,"href":"https:\/\/hitechtemp.com\/principal\/index.php\/wp-json\/wp\/v2\/pages\/20\/revisions"}],"predecessor-version":[{"id":78,"href":"https:\/\/hitechtemp.com\/principal\/index.php\/wp-json\/wp\/v2\/pages\/20\/revisions\/78"}],"wp:featuredmedia":[{"embeddable":true,"href":"https:\/\/hitechtemp.com\/principal\/index.php\/wp-json\/wp\/v2\/media\/47"}],"wp:attachment":[{"href":"https:\/\/hitechtemp.com\/principal\/index.php\/wp-json\/wp\/v2\/media?parent=20"}],"curies":[{"name":"wp","href":"https:\/\/api.w.org\/{rel}","templated":true}]}}